{"id":207,"date":"2020-05-27T11:51:03","date_gmt":"2020-05-27T14:51:03","guid":{"rendered":"https:\/\/foroparaeldiadespues.net.ar\/?page_id=207"},"modified":"2020-10-23T12:34:36","modified_gmt":"2020-10-23T15:34:36","slug":"puntos-de-encuentro","status":"publish","type":"page","link":"https:\/\/foroparaeldiadespues.net.ar\/?page_id=207","title":{"rendered":"PUNTOS DE ENCUENTRO"},"content":{"rendered":"\n<figure class=\"wp-block-image size-large\"><img loading=\"lazy\" decoding=\"async\" width=\"1024\" height=\"614\" src=\"https:\/\/foroparaeldiadespues.net.ar\/wp-content\/uploads\/2020\/05\/Logo-Punto-de-Encuentro-1024x614.jpg\" alt=\"\" class=\"wp-image-212\" srcset=\"https:\/\/foroparaeldiadespues.net.ar\/wp-content\/uploads\/2020\/05\/Logo-Punto-de-Encuentro-1024x614.jpg 1024w, https:\/\/foroparaeldiadespues.net.ar\/wp-content\/uploads\/2020\/05\/Logo-Punto-de-Encuentro-300x180.jpg 300w, https:\/\/foroparaeldiadespues.net.ar\/wp-content\/uploads\/2020\/05\/Logo-Punto-de-Encuentro-768x461.jpg 768w, https:\/\/foroparaeldiadespues.net.ar\/wp-content\/uploads\/2020\/05\/Logo-Punto-de-Encuentro.jpg 1417w\" sizes=\"auto, (max-width: 1024px) 100vw, 1024px\" \/><\/figure>\n\n\n\n<p><strong>Los espacios virtuales b\u00e1sicos donde se llevan a cabo todas las tareas vinculadas a la concreci\u00f3n de los objetivos que se plantean en cada \u00e1mbito son los PUNTOS DE ENCUENTRO, definidos como los \u00e1mbitos de convergencia de los protagonistas del Hex\u00e1gono Virtuoso que, a trav\u00e9s de la exitosa metodolog\u00eda utilizado por otras organizaciones libres del pueblo, aportan a los objetivos que se establecen en cada caso.<\/strong><\/p>\n\n\n\n<p><strong>En los Puntos de Encuentro se trabaja para producir hechos concretos: una ley, una acci\u00f3n de sensibilizaci\u00f3n o un producto que contribuya al objetivo de cada espacio: los temas que se acuerdan deben proseguirse con acciones espec\u00edficas.<\/strong><\/p>\n\n\n\n<hr class=\"wp-block-separator\"\/>\n\n\n\n<hr class=\"wp-block-separator\"\/>\n\n\n\n<h2 class=\"has-text-align-center wp-block-heading\"><a href=\"https:\/\/foroparaeldiadespues.net.ar\/?page_id=266\"><span class=\"has-inline-color has-vivid-cyan-blue-color\">PUNTO DE ENCUENTRO TELETRABAJO (PDET)<\/span><\/a><\/h2>\n\n\n\n<hr class=\"wp-block-separator\"\/>\n\n\n\n<hr class=\"wp-block-separator\"\/>\n\n\n\n<h2 class=\"has-text-align-center has-vivid-cyan-blue-color has-text-color wp-block-heading\"><a rel=\"noreferrer noopener\" href=\"https:\/\/foroparaeldiadespues.net.ar\/?page_id=770\" target=\"_blank\"><span class=\"has-inline-color has-vivid-cyan-blue-color\">PUNTO DE ENCUENTRO PLATAFORMAS (PDEP)<\/span><\/a><\/h2>\n\n\n\n<hr class=\"wp-block-separator\"\/>\n\n\n\n<hr class=\"wp-block-separator\"\/>\n\n\n\n<h2 class=\"has-text-align-center wp-block-heading\"><a href=\"https:\/\/foroparaeldiadespues.net.ar\/?page_id=831\" target=\"_blank\" rel=\"noreferrer noopener\">PUNTO DE ENCUENTRO INNOVACI\u00d3N TECNOL\u00d3GICA PARA EL DESARROLLO ECON\u00d3MICO (PE.IT.DE)<\/a><\/h2>\n\n\n\n<p><\/p>\n","protected":false},"excerpt":{"rendered":"<p>Los espacios virtuales b\u00e1sicos donde se llevan a cabo todas las tareas vinculadas a la concreci\u00f3n de los objetivos que se plantean en cada \u00e1mbito son los PUNTOS DE ENCUENTRO, definidos como los \u00e1mbitos de convergencia de los protagonistas del Hex\u00e1gono Virtuoso que, a trav\u00e9s de la exitosa metodolog\u00eda utilizado por otras organizaciones libres del [&hellip;]<\/p>\n","protected":false},"author":1,"featured_media":0,"parent":0,"menu_order":0,"comment_status":"closed","ping_status":"closed","template":"","meta":{"footnotes":""},"class_list":["post-207","page","type-page","status-publish","hentry"],"_links":{"self":[{"href":"https:\/\/foroparaeldiadespues.net.ar\/index.php?rest_route=\/wp\/v2\/pages\/207","targetHints":{"allow":["GET"]}}],"collection":[{"href":"https:\/\/foroparaeldiadespues.net.ar\/index.php?rest_route=\/wp\/v2\/pages"}],"about":[{"href":"https:\/\/foroparaeldiadespues.net.ar\/index.php?rest_route=\/wp\/v2\/types\/page"}],"author":[{"embeddable":true,"href":"https:\/\/foroparaeldiadespues.net.ar\/index.php?rest_route=\/wp\/v2\/users\/1"}],"replies":[{"embeddable":true,"href":"https:\/\/foroparaeldiadespues.net.ar\/index.php?rest_route=%2Fwp%2Fv2%2Fcomments&post=207"}],"version-history":[{"count":10,"href":"https:\/\/foroparaeldiadespues.net.ar\/index.php?rest_route=\/wp\/v2\/pages\/207\/revisions"}],"predecessor-version":[{"id":873,"href":"https:\/\/foroparaeldiadespues.net.ar\/index.php?rest_route=\/wp\/v2\/pages\/207\/revisions\/873"}],"wp:attachment":[{"href":"https:\/\/foroparaeldiadespues.net.ar\/index.php?rest_route=%2Fwp%2Fv2%2Fmedia&parent=207"}],"curies":[{"name":"wp","href":"https:\/\/api.w.org\/{rel}","templated":true}]}}