{"id":277,"date":"2020-06-08T12:37:40","date_gmt":"2020-06-08T15:37:40","guid":{"rendered":"https:\/\/foroparaeldiadespues.net.ar\/?page_id=277"},"modified":"2020-09-02T11:51:29","modified_gmt":"2020-09-02T14:51:29","slug":"pdet-intranet-01","status":"publish","type":"page","link":"https:\/\/foroparaeldiadespues.net.ar\/?page_id=277","title":{"rendered":"PDET Documentos y videos"},"content":{"rendered":"\n<div class=\"wp-block-image\"><figure class=\"aligncenter size-large is-resized\"><img loading=\"lazy\" decoding=\"async\" src=\"https:\/\/foroparaeldiadespues.net.ar\/wp-content\/uploads\/2020\/06\/Logo-Punto-de-Encuentro-Teletrabajo-Small.jpg\" alt=\"\" class=\"wp-image-273\" width=\"338\" height=\"112\" srcset=\"https:\/\/foroparaeldiadespues.net.ar\/wp-content\/uploads\/2020\/06\/Logo-Punto-de-Encuentro-Teletrabajo-Small.jpg 709w, https:\/\/foroparaeldiadespues.net.ar\/wp-content\/uploads\/2020\/06\/Logo-Punto-de-Encuentro-Teletrabajo-Small-300x99.jpg 300w\" sizes=\"auto, (max-width: 338px) 100vw, 338px\" \/><\/figure><\/div>\n\n\n\n<hr class=\"wp-block-separator\"\/>\n\n\n\n<h4 class=\"has-text-align-center wp-block-heading\"><span class=\"has-inline-color has-vivid-cyan-blue-color\">GRUPOS DE TRABAJO<\/span><\/h4>\n\n\n\n<p class=\"has-text-align-center\"><div class=\"ywtable\"><div class=\"ywrow\"><br>&nbsp;&nbsp;GRUPOS TEMATICOS<br>&nbsp;&nbsp;<\/div><div class=\"ywrow\"><div class=\"ywcolumn-alt\" data-label=\"Wiki Article\"><a href=\"https:\/\/foroparaeldiadespues.net.ar\/?yada_wiki=453\" class=\"wikicatlink\">Acceso y uso sindical de las plataformas<\/a><\/div><div class=\"ywcolumn-alt\" data-label=\"Wiki Article\"><a href=\"https:\/\/foroparaeldiadespues.net.ar\/?yada_wiki=alfabetizacion-informatica-alfabetizacion-tecnologica-teletrabajo-y-tele-empleo\" class=\"wikicatlink\">Alfabetizaci\u00f3n Inform\u00e1tica \u2013 Alfabetizaci\u00f3n Tecnol\u00f3gica \u2013 Teletrabajo y Tele empleo.<\/a><\/div><div class=\"ywcolumn-alt\" data-label=\"Wiki Article\"><a href=\"https:\/\/foroparaeldiadespues.net.ar\/?yada_wiki=ampliacion-del-encuadramiento-sindical-con-los-nuevos-perfiles-laborales\" class=\"wikicatlink\">Ampliaci\u00f3n del encuadramiento sindical con los nuevos perfiles laborales<\/a><\/div><\/div><div class=\"ywrow\"><div class=\"ywcolumn-alt\" data-label=\"Wiki Article\"><a href=\"https:\/\/foroparaeldiadespues.net.ar\/?yada_wiki=aportar-para-una-futura-legislacion-un-preambulo-con-objetivos-claros\" class=\"wikicatlink\">Aportar para una futura legislaci\u00f3n un pre\u00e1mbulo con objetivos claros<\/a><\/div><div class=\"ywcolumn-alt\" data-label=\"Wiki Article\"><a href=\"https:\/\/foroparaeldiadespues.net.ar\/?yada_wiki=asegurar-que-los-derechos-del-trabajador-no-sean-avasallados\" class=\"wikicatlink\">Asegurar que los derechos del trabajador no sean avasallados<\/a><\/div><div class=\"ywcolumn-alt\" data-label=\"Wiki Article\"><a href=\"https:\/\/foroparaeldiadespues.net.ar\/?yada_wiki=capacitar-al-gran-nucleo-de-la-poblacion\" class=\"wikicatlink\">Capacitar al gran n\u00facleo de la poblaci\u00f3n...<\/a><\/div><\/div><div class=\"ywrow\"><div class=\"ywcolumn-alt\" data-label=\"Wiki Article\"><a href=\"https:\/\/foroparaeldiadespues.net.ar\/?yada_wiki=condiciones-y-medio-ambiente-en-cymat\" class=\"wikicatlink\">Condiciones y Medio Ambiente en CYMAT<\/a><\/div><div class=\"ywcolumn-alt\" data-label=\"Wiki Article\"><a href=\"https:\/\/foroparaeldiadespues.net.ar\/?yada_wiki=creacion-del-punto-de-encuentro-sobre-teletrabajo\" class=\"wikicatlink\">Creaci\u00f3n del Punto de Encuentro sobre Teletrabajo<\/a><\/div><div class=\"ywcolumn-alt\" data-label=\"Wiki Article\"><a href=\"https:\/\/foroparaeldiadespues.net.ar\/?yada_wiki=desarrollo-y-aplicacion-del-hexagono-virtuoso\" class=\"wikicatlink\">Desarrollo y aplicaci\u00f3n del Hex\u00e1gono Virtuoso ...<\/a><\/div><\/div><div class=\"ywrow\"><div class=\"ywcolumn-alt\" data-label=\"Wiki Article\"><a href=\"https:\/\/foroparaeldiadespues.net.ar\/?yada_wiki=438\" class=\"wikicatlink\">El teletrabajo desperimetriza...<\/a><\/div><div class=\"ywcolumn-alt\" data-label=\"Wiki Article\"><a href=\"https:\/\/foroparaeldiadespues.net.ar\/?yada_wiki=el-teletrabajo-no-debe-interpretarse-como-un-mecanismo-de-huida-del-contrato-de-trabajo\" class=\"wikicatlink\">El teletrabajo no debe interpretarse como un mecanismo de huida del contrato de trabajo<\/a><\/div><div class=\"ywcolumn-alt\" data-label=\"Wiki Article\"><a href=\"https:\/\/foroparaeldiadespues.net.ar\/?yada_wiki=el-teletrabajo-vino-para-quedarse\" class=\"wikicatlink\">El Teletrabajo vino para quedarse ...<\/a><\/div><\/div><div class=\"ywrow\"><div class=\"ywcolumn-alt\" data-label=\"Wiki Article\"><a href=\"https:\/\/foroparaeldiadespues.net.ar\/?yada_wiki=es-necesario-regular-la-actividad-del-teletrabajo\" class=\"wikicatlink\">Es necesario regular la actividad del Teletrabajo<\/a><\/div><div class=\"ywcolumn-alt\" data-label=\"Wiki Article\"><a href=\"https:\/\/foroparaeldiadespues.net.ar\/?yada_wiki=evitar-la-externalizacion-de-las-tareas-en-supuestos-trabajadores-independientes\" class=\"wikicatlink\">Evitar la externalizaci\u00f3n de las tareas en supuestos trabajadores independientes<\/a><\/div><div class=\"ywcolumn-alt\" data-label=\"Wiki Article\"><a href=\"https:\/\/foroparaeldiadespues.net.ar\/?yada_wiki=evitar-que-los-teletrabajadores-sean-esclavos-digitales-del-siglo-xxi\" class=\"wikicatlink\">Evitar que los teletrabajadores sean esclavos digitales del siglo XXI<\/a><\/div><\/div><div class=\"ywrow\"><div class=\"ywcolumn-alt\" data-label=\"Wiki Article\"><a href=\"https:\/\/foroparaeldiadespues.net.ar\/?yada_wiki=fijacion-de-un-nucleo-legislativo-fuerte-regulacion-por-convenio-colectivo\" class=\"wikicatlink\">Fijaci\u00f3n de un n\u00facleo legislativo fuerte - regulaci\u00f3n por convenio colectivo<\/a><\/div><div class=\"ywcolumn-alt\" data-label=\"Wiki Article\"><a href=\"https:\/\/foroparaeldiadespues.net.ar\/?yada_wiki=fijar-un-bloque-normativo-inderogable\" class=\"wikicatlink\">Fijar un bloque normativo inderogable<\/a><\/div><div class=\"ywcolumn-alt\" data-label=\"Wiki Article\"><a href=\"https:\/\/foroparaeldiadespues.net.ar\/?yada_wiki=garantizar-la-representacion-sindical-efectiva-de-los-teletrabajadores\" class=\"wikicatlink\">Garantizar la representaci\u00f3n sindical efectiva de los teletrabajadores<\/a><\/div><\/div><div class=\"ywrow\"><div class=\"ywcolumn-alt\" data-label=\"Wiki Article\"><a href=\"https:\/\/foroparaeldiadespues.net.ar\/?yada_wiki=garantizar-la-reversibilidad-de-la-modalidad-como-herramienta-voluntaria-para-proteger-al-trabajador\" class=\"wikicatlink\">Garantizar la reversibilidad de la modalidad como herramienta voluntaria para proteger al trabajador<\/a><\/div><div class=\"ywcolumn-alt\" data-label=\"Wiki Article\"><a href=\"https:\/\/foroparaeldiadespues.net.ar\/?yada_wiki=generacion-de-puestos-de-trabajo-genuinos\" class=\"wikicatlink\">Generaci\u00f3n de puestos de trabajo genuinos<\/a><\/div><div class=\"ywcolumn-alt\" data-label=\"Wiki Article\"><a href=\"https:\/\/foroparaeldiadespues.net.ar\/?yada_wiki=importancia-que-las-comisiones-de-ambas-camaras-en-la-pba-esten-presididas-por-ompaneros-de-origen-sindical\" class=\"wikicatlink\">Importancia que las comisiones de ambas c\u00e1maras en la PBA est\u00e9n presididas por ompa\u00f1eros de origen sindical<\/a><\/div><\/div><div class=\"ywrow\"><div class=\"ywcolumn-alt\" data-label=\"Wiki Article\"><a href=\"https:\/\/foroparaeldiadespues.net.ar\/?yada_wiki=incorporacion-de-sistema-de-solidaridad-legal-en-las-cadenas-de-valor\" class=\"wikicatlink\">Incorporaci\u00f3n de sistema de solidaridad legal en las cadenas de valor<\/a><\/div><div class=\"ywcolumn-alt\" data-label=\"Wiki Article\"><a href=\"https:\/\/foroparaeldiadespues.net.ar\/?yada_wiki=jornada-laboral-y-perspectiva-de-genero\" class=\"wikicatlink\">Jornada laboral y perspectiva de g\u00e9nero<\/a><\/div><div class=\"ywcolumn-alt\" data-label=\"Wiki Article\"><a href=\"https:\/\/foroparaeldiadespues.net.ar\/?yada_wiki=jovenes-trabajadoras-es-con-necesidad-de-alta-capacitacion\" class=\"wikicatlink\">J\u00f3venes trabajadoras\/es con necesidad de alta capacitaci\u00f3n<\/a><\/div><\/div><div class=\"ywrow\"><div class=\"ywcolumn-alt\" data-label=\"Wiki Article\"><a href=\"https:\/\/foroparaeldiadespues.net.ar\/?yada_wiki=la-tecnologia-humaniza-el-trabajo\" class=\"wikicatlink\">La tecnolog\u00eda humaniza el trabajo<\/a><\/div><div class=\"ywcolumn-alt\" data-label=\"Wiki Article\"><a href=\"https:\/\/foroparaeldiadespues.net.ar\/?yada_wiki=las-organizaciones-sindicales-tienen-la-capacidad-de-discutir-convenios-de-origen-tecnologicos\" class=\"wikicatlink\">Las organizaciones sindicales tienen la capacidad de discutir convenios de origen tecnol\u00f3gicos ...<\/a><\/div><div class=\"ywcolumn-alt\" data-label=\"Wiki Article\"><a href=\"https:\/\/foroparaeldiadespues.net.ar\/?yada_wiki=nueva-estrategia-para-evitar-la-perdida-de-empleo\" class=\"wikicatlink\">Nueva estrategia para evitar la p\u00e9rdida de empleo...<\/a><\/div><\/div><div class=\"ywrow\"><div class=\"ywcolumn-alt\" data-label=\"Wiki Article\"><a href=\"https:\/\/foroparaeldiadespues.net.ar\/?yada_wiki=nuevos-trabajadores-con-caracteristicas-propias\" class=\"wikicatlink\">Nuevos trabajadores, con caracter\u00edsticas propias<\/a><\/div><div class=\"ywcolumn-alt\" data-label=\"Wiki Article\"><a href=\"https:\/\/foroparaeldiadespues.net.ar\/?yada_wiki=organizar-los-elementos-actualmente-en-uso\" class=\"wikicatlink\">Organizar los elementos actualmente en uso ...<\/a><\/div><div class=\"ywcolumn-alt\" data-label=\"Wiki Article\"><a href=\"https:\/\/foroparaeldiadespues.net.ar\/?yada_wiki=participacion-activa-de-los-sectores-sociales\" class=\"wikicatlink\">Participaci\u00f3n activa de los sectores sociales ...<\/a><\/div><\/div><div class=\"ywrow\"><div class=\"ywcolumn-alt\" data-label=\"Wiki Article\"><a href=\"https:\/\/foroparaeldiadespues.net.ar\/?yada_wiki=perfil-del-trabajador-desocupado\" class=\"wikicatlink\">Perfil del trabajador desocupado<\/a><\/div><div class=\"ywcolumn-alt\" data-label=\"Wiki Article\"><a href=\"https:\/\/foroparaeldiadespues.net.ar\/?yada_wiki=perspectiva-de-genero-y-tecnologia-conveniente-con-decision-s-herramientas\" class=\"wikicatlink\">Perspectiva de g\u00e9nero y tecnolog\u00eda conveniente con decisi\u00f3n s\/herramientas<\/a><\/div><div class=\"ywcolumn-alt\" data-label=\"Wiki Article\"><a href=\"https:\/\/foroparaeldiadespues.net.ar\/?yada_wiki=poner-en-marcha-el-instituto-del-teletrabajo\" class=\"wikicatlink\">Poner en marcha el Instituto del Teletrabajo<\/a><\/div><\/div><div class=\"ywrow\"><div class=\"ywcolumn-alt\" data-label=\"Wiki Article\"><a href=\"https:\/\/foroparaeldiadespues.net.ar\/?yada_wiki=ratificacion-del-convenio-sobre-la-violencia-y-el-acoso-c190-de-oit\" class=\"wikicatlink\">Ratificaci\u00f3n del convenio sobre la violencia y el acoso (c190) de OIT<\/a><\/div><div class=\"ywcolumn-alt\" data-label=\"Wiki Article\"><a href=\"https:\/\/foroparaeldiadespues.net.ar\/?yada_wiki=riesgos-psicosociales-sobre-exigencia-de-la-comunicacion-no-verbal\" class=\"wikicatlink\">Riesgos psicosociales. Sobre exigencia de la comunicaci\u00f3n no verbal<\/a><\/div><div class=\"ywcolumn-alt\" data-label=\"Wiki Article\"><a href=\"https:\/\/foroparaeldiadespues.net.ar\/?yada_wiki=riesgps-y-desventajas-de-ser-un-empresario-sin-serlo\" class=\"wikicatlink\">Riesgos y desventajas de ser un empresario sin serlo<\/a><\/div><\/div><div class=\"ywrow\"><div class=\"ywcolumn-alt\" data-label=\"Wiki Article\"><a href=\"https:\/\/foroparaeldiadespues.net.ar\/?yada_wiki=se-debe-tener-en-cuenta-la-ley-de-trabajo-a-domicilio\" class=\"wikicatlink\">Se debe tener en cuenta la Ley de Trabajo a Domicilio ...<\/a><\/div><div class=\"ywcolumn-alt\" data-label=\"Wiki Article\"><a href=\"https:\/\/foroparaeldiadespues.net.ar\/?yada_wiki=teletrabajo-y-el-derecho-a-la-desconexion\" class=\"wikicatlink\">Teletrabajo y el derecho a la desconexi\u00f3n<\/a><\/div><div class=\"ywcolumn-alt\" data-label=\"Wiki Article\"><a href=\"https:\/\/foroparaeldiadespues.net.ar\/?yada_wiki=teletrabajo-y-trabajo-a-domicilio\" class=\"wikicatlink\">Teletrabajo y Trabajo a Domicilio<\/a><\/div><\/div><\/div><\/p>\n\n\n\n<p><\/p>\n\n\n\n<hr class=\"wp-block-separator\"\/>\n\n\n\n<h4 class=\"has-text-align-center wp-block-heading\"><span class=\"has-inline-color has-vivid-cyan-blue-color\">AUTORES<\/span><\/h4>\n\n\n\n<p class=\"has-text-align-center\"><div class=\"ywtable\"><div class=\"ywrow\"><br>&nbsp;&nbsp;AUTORES<br>&nbsp;&nbsp;<\/div><div class=\"ywrow\"><div class=\"ywcolumn-alt\" data-label=\"Wiki Article\"><a href=\"https:\/\/foroparaeldiadespues.net.ar\/?yada_wiki=453\" class=\"wikicatlink\">Acceso y uso sindical de las plataformas<\/a><\/div><div class=\"ywcolumn-alt\" data-label=\"Wiki Article\"><a href=\"https:\/\/foroparaeldiadespues.net.ar\/?yada_wiki=alfabetizacion-informatica-alfabetizacion-tecnologica-teletrabajo-y-tele-empleo\" class=\"wikicatlink\">Alfabetizaci\u00f3n Inform\u00e1tica \u2013 Alfabetizaci\u00f3n Tecnol\u00f3gica \u2013 Teletrabajo y Tele empleo.<\/a><\/div><div class=\"ywcolumn-alt\" data-label=\"Wiki Article\"><a href=\"https:\/\/foroparaeldiadespues.net.ar\/?yada_wiki=ampliacion-del-encuadramiento-sindical-con-los-nuevos-perfiles-laborales\" class=\"wikicatlink\">Ampliaci\u00f3n del encuadramiento sindical con los nuevos perfiles laborales<\/a><\/div><div class=\"ywcolumn-alt\" data-label=\"Wiki Article\"><a href=\"https:\/\/foroparaeldiadespues.net.ar\/?yada_wiki=aportar-para-una-futura-legislacion-un-preambulo-con-objetivos-claros\" class=\"wikicatlink\">Aportar para una futura legislaci\u00f3n un pre\u00e1mbulo con objetivos claros<\/a><\/div><\/div><div class=\"ywrow\"><div class=\"ywcolumn-alt\" data-label=\"Wiki Article\"><a href=\"https:\/\/foroparaeldiadespues.net.ar\/?yada_wiki=asegurar-que-los-derechos-del-trabajador-no-sean-avasallados\" class=\"wikicatlink\">Asegurar que los derechos del trabajador no sean avasallados<\/a><\/div><div class=\"ywcolumn-alt\" data-label=\"Wiki Article\"><a href=\"https:\/\/foroparaeldiadespues.net.ar\/?yada_wiki=capacitar-al-gran-nucleo-de-la-poblacion\" class=\"wikicatlink\">Capacitar al gran n\u00facleo de la poblaci\u00f3n...<\/a><\/div><div class=\"ywcolumn-alt\" data-label=\"Wiki Article\"><a href=\"https:\/\/foroparaeldiadespues.net.ar\/?yada_wiki=condiciones-y-medio-ambiente-en-cymat\" class=\"wikicatlink\">Condiciones y Medio Ambiente en CYMAT<\/a><\/div><div class=\"ywcolumn-alt\" data-label=\"Wiki Article\"><a href=\"https:\/\/foroparaeldiadespues.net.ar\/?yada_wiki=creacion-del-punto-de-encuentro-sobre-teletrabajo\" class=\"wikicatlink\">Creaci\u00f3n del Punto de Encuentro sobre Teletrabajo<\/a><\/div><\/div><div class=\"ywrow\"><div class=\"ywcolumn-alt\" data-label=\"Wiki Article\"><a href=\"https:\/\/foroparaeldiadespues.net.ar\/?yada_wiki=desarrollo-y-aplicacion-del-hexagono-virtuoso\" class=\"wikicatlink\">Desarrollo y aplicaci\u00f3n del Hex\u00e1gono Virtuoso ...<\/a><\/div><div class=\"ywcolumn-alt\" data-label=\"Wiki Article\"><a href=\"https:\/\/foroparaeldiadespues.net.ar\/?yada_wiki=discutir-primero-legislar-segundo-no-debilitar-las-organizaciones-sindicales\" class=\"wikicatlink\">Discutir primero Legislar segundo No debilitar las Organizaciones sindicales<\/a><\/div><div class=\"ywcolumn-alt\" data-label=\"Wiki Article\"><a href=\"https:\/\/foroparaeldiadespues.net.ar\/?yada_wiki=438\" class=\"wikicatlink\">El teletrabajo desperimetriza...<\/a><\/div><div class=\"ywcolumn-alt\" data-label=\"Wiki Article\"><a href=\"https:\/\/foroparaeldiadespues.net.ar\/?yada_wiki=el-teletrabajo-es-una-nueva-forma-de-explotacion\" class=\"wikicatlink\">El teletrabajo es una nueva forma de explotaci\u00f3n<\/a><\/div><\/div><div class=\"ywrow\"><div class=\"ywcolumn-alt\" data-label=\"Wiki Article\"><a href=\"https:\/\/foroparaeldiadespues.net.ar\/?yada_wiki=el-teletrabajo-no-debe-interpretarse-como-un-mecanismo-de-huida-del-contrato-de-trabajo\" class=\"wikicatlink\">El teletrabajo no debe interpretarse como un mecanismo de huida del contrato de trabajo<\/a><\/div><div class=\"ywcolumn-alt\" data-label=\"Wiki Article\"><a href=\"https:\/\/foroparaeldiadespues.net.ar\/?yada_wiki=el-teletrabajo-vino-para-quedarse\" class=\"wikicatlink\">El Teletrabajo vino para quedarse ...<\/a><\/div><div class=\"ywcolumn-alt\" data-label=\"Wiki Article\"><a href=\"https:\/\/foroparaeldiadespues.net.ar\/?yada_wiki=el-teletrabajo-y-las-organizaciones-sindicales\" class=\"wikicatlink\">El teletrabajo y las organizaciones sindicales<\/a><\/div><div class=\"ywcolumn-alt\" data-label=\"Wiki Article\"><a href=\"https:\/\/foroparaeldiadespues.net.ar\/?yada_wiki=es-necesario-regular-la-actividad-del-teletrabajo\" class=\"wikicatlink\">Es necesario regular la actividad del Teletrabajo<\/a><\/div><\/div><div class=\"ywrow\"><div class=\"ywcolumn-alt\" data-label=\"Wiki Article\"><a href=\"https:\/\/foroparaeldiadespues.net.ar\/?yada_wiki=evitar-la-externalizacion-de-las-tareas-en-supuestos-trabajadores-independientes\" class=\"wikicatlink\">Evitar la externalizaci\u00f3n de las tareas en supuestos trabajadores independientes<\/a><\/div><div class=\"ywcolumn-alt\" data-label=\"Wiki Article\"><a href=\"https:\/\/foroparaeldiadespues.net.ar\/?yada_wiki=evitar-que-los-teletrabajadores-sean-esclavos-digitales-del-siglo-xxi\" class=\"wikicatlink\">Evitar que los teletrabajadores sean esclavos digitales del siglo XXI<\/a><\/div><div class=\"ywcolumn-alt\" data-label=\"Wiki Article\"><a href=\"https:\/\/foroparaeldiadespues.net.ar\/?yada_wiki=fijacion-de-un-nucleo-legislativo-fuerte-regulacion-por-convenio-colectivo\" class=\"wikicatlink\">Fijaci\u00f3n de un n\u00facleo legislativo fuerte - regulaci\u00f3n por convenio colectivo<\/a><\/div><div class=\"ywcolumn-alt\" data-label=\"Wiki Article\"><a href=\"https:\/\/foroparaeldiadespues.net.ar\/?yada_wiki=fijar-un-bloque-normativo-inderogable\" class=\"wikicatlink\">Fijar un bloque normativo inderogable<\/a><\/div><\/div><div class=\"ywrow\"><div class=\"ywcolumn-alt\" data-label=\"Wiki Article\"><a href=\"https:\/\/foroparaeldiadespues.net.ar\/?yada_wiki=garantizar-la-representacion-sindical-efectiva-de-los-teletrabajadores\" class=\"wikicatlink\">Garantizar la representaci\u00f3n sindical efectiva de los teletrabajadores<\/a><\/div><div class=\"ywcolumn-alt\" data-label=\"Wiki Article\"><a href=\"https:\/\/foroparaeldiadespues.net.ar\/?yada_wiki=garantizar-la-reversibilidad-de-la-modalidad-como-herramienta-voluntaria-para-proteger-al-trabajador\" class=\"wikicatlink\">Garantizar la reversibilidad de la modalidad como herramienta voluntaria para proteger al trabajador<\/a><\/div><div class=\"ywcolumn-alt\" data-label=\"Wiki Article\"><a href=\"https:\/\/foroparaeldiadespues.net.ar\/?yada_wiki=generacion-de-puestos-de-trabajo-genuinos\" class=\"wikicatlink\">Generaci\u00f3n de puestos de trabajo genuinos<\/a><\/div><div class=\"ywcolumn-alt\" data-label=\"Wiki Article\"><a href=\"https:\/\/foroparaeldiadespues.net.ar\/?yada_wiki=importancia-que-las-comisiones-de-ambas-camaras-en-la-pba-esten-presididas-por-ompaneros-de-origen-sindical\" class=\"wikicatlink\">Importancia que las comisiones de ambas c\u00e1maras en la PBA est\u00e9n presididas por ompa\u00f1eros de origen sindical<\/a><\/div><\/div><div class=\"ywrow\"><div class=\"ywcolumn-alt\" data-label=\"Wiki Article\"><a href=\"https:\/\/foroparaeldiadespues.net.ar\/?yada_wiki=incorporacion-de-sistema-de-solidaridad-legal-en-las-cadenas-de-valor\" class=\"wikicatlink\">Incorporaci\u00f3n de sistema de solidaridad legal en las cadenas de valor<\/a><\/div><div class=\"ywcolumn-alt\" data-label=\"Wiki Article\"><a href=\"https:\/\/foroparaeldiadespues.net.ar\/?yada_wiki=jornada-laboral-y-perspectiva-de-genero\" class=\"wikicatlink\">Jornada laboral y perspectiva de g\u00e9nero<\/a><\/div><div class=\"ywcolumn-alt\" data-label=\"Wiki Article\"><a href=\"https:\/\/foroparaeldiadespues.net.ar\/?yada_wiki=jovenes-trabajadoras-es-con-necesidad-de-alta-capacitacion\" class=\"wikicatlink\">J\u00f3venes trabajadoras\/es con necesidad de alta capacitaci\u00f3n<\/a><\/div><div class=\"ywcolumn-alt\" data-label=\"Wiki Article\"><a href=\"https:\/\/foroparaeldiadespues.net.ar\/?yada_wiki=la-tecnologia-humaniza-el-trabajo\" class=\"wikicatlink\">La tecnolog\u00eda humaniza el trabajo<\/a><\/div><\/div><div class=\"ywrow\"><div class=\"ywcolumn-alt\" data-label=\"Wiki Article\"><a href=\"https:\/\/foroparaeldiadespues.net.ar\/?yada_wiki=las-organizaciones-sindicales-tienen-la-capacidad-de-discutir-convenios-de-origen-tecnologicos\" class=\"wikicatlink\">Las organizaciones sindicales tienen la capacidad de discutir convenios de origen tecnol\u00f3gicos ...<\/a><\/div><div class=\"ywcolumn-alt\" data-label=\"Wiki Article\"><a href=\"https:\/\/foroparaeldiadespues.net.ar\/?yada_wiki=los-proyectos-de-ley-sobre-teletrabajo\" class=\"wikicatlink\">Los proyectos de ley sobre teletrabajo<\/a><\/div><div class=\"ywcolumn-alt\" data-label=\"Wiki Article\"><a href=\"https:\/\/foroparaeldiadespues.net.ar\/?yada_wiki=mecanismos-para-evitar-el-fraude-laboral\" class=\"wikicatlink\">Mecanismos para evitar el fraude laboral<\/a><\/div><div class=\"ywcolumn-alt\" data-label=\"Wiki Article\"><a href=\"https:\/\/foroparaeldiadespues.net.ar\/?yada_wiki=nueva-estrategia-para-evitar-la-perdida-de-empleo\" class=\"wikicatlink\">Nueva estrategia para evitar la p\u00e9rdida de empleo...<\/a><\/div><\/div><div class=\"ywrow\"><div class=\"ywcolumn-alt\" data-label=\"Wiki Article\"><a href=\"https:\/\/foroparaeldiadespues.net.ar\/?yada_wiki=nuevos-trabajadores-con-caracteristicas-propias\" class=\"wikicatlink\">Nuevos trabajadores, con caracter\u00edsticas propias<\/a><\/div><div class=\"ywcolumn-alt\" data-label=\"Wiki Article\"><a href=\"https:\/\/foroparaeldiadespues.net.ar\/?yada_wiki=organizar-los-elementos-actualmente-en-uso\" class=\"wikicatlink\">Organizar los elementos actualmente en uso ...<\/a><\/div><div class=\"ywcolumn-alt\" data-label=\"Wiki Article\"><a href=\"https:\/\/foroparaeldiadespues.net.ar\/?yada_wiki=participacion-activa-de-los-sectores-sociales\" class=\"wikicatlink\">Participaci\u00f3n activa de los sectores sociales ...<\/a><\/div><div class=\"ywcolumn-alt\" data-label=\"Wiki Article\"><a href=\"https:\/\/foroparaeldiadespues.net.ar\/?yada_wiki=perfil-del-trabajador-desocupado\" class=\"wikicatlink\">Perfil del trabajador desocupado<\/a><\/div><\/div><div class=\"ywrow\"><div class=\"ywcolumn-alt\" data-label=\"Wiki Article\"><a href=\"https:\/\/foroparaeldiadespues.net.ar\/?yada_wiki=perspectiva-de-genero-y-tecnologia-conveniente-con-decision-s-herramientas\" class=\"wikicatlink\">Perspectiva de g\u00e9nero y tecnolog\u00eda conveniente con decisi\u00f3n s\/herramientas<\/a><\/div><div class=\"ywcolumn-alt\" data-label=\"Wiki Article\"><a href=\"https:\/\/foroparaeldiadespues.net.ar\/?yada_wiki=poner-en-marcha-el-instituto-del-teletrabajo\" class=\"wikicatlink\">Poner en marcha el Instituto del Teletrabajo<\/a><\/div><div class=\"ywcolumn-alt\" data-label=\"Wiki Article\"><a href=\"https:\/\/foroparaeldiadespues.net.ar\/?yada_wiki=preguntas-sobre-el-teletrabajo\" class=\"wikicatlink\">Preguntas sobre el teletrabajo<\/a><\/div><div class=\"ywcolumn-alt\" data-label=\"Wiki Article\"><a href=\"https:\/\/foroparaeldiadespues.net.ar\/?yada_wiki=ratificacion-del-convenio-sobre-la-violencia-y-el-acoso-c190-de-oit\" class=\"wikicatlink\">Ratificaci\u00f3n del convenio sobre la violencia y el acoso (c190) de OIT<\/a><\/div><\/div><div class=\"ywrow\"><div class=\"ywcolumn-alt\" data-label=\"Wiki Article\"><a href=\"https:\/\/foroparaeldiadespues.net.ar\/?yada_wiki=riesgos-psicosociales-sobre-exigencia-de-la-comunicacion-no-verbal\" class=\"wikicatlink\">Riesgos psicosociales. Sobre exigencia de la comunicaci\u00f3n no verbal<\/a><\/div><div class=\"ywcolumn-alt\" data-label=\"Wiki Article\"><a href=\"https:\/\/foroparaeldiadespues.net.ar\/?yada_wiki=riesgps-y-desventajas-de-ser-un-empresario-sin-serlo\" class=\"wikicatlink\">Riesgos y desventajas de ser un empresario sin serlo<\/a><\/div><div class=\"ywcolumn-alt\" data-label=\"Wiki Article\"><a href=\"https:\/\/foroparaeldiadespues.net.ar\/?yada_wiki=se-debe-tener-en-cuenta-la-ley-de-trabajo-a-domicilio\" class=\"wikicatlink\">Se debe tener en cuenta la Ley de Trabajo a Domicilio ...<\/a><\/div><div class=\"ywcolumn-alt\" data-label=\"Wiki Article\"><a href=\"https:\/\/foroparaeldiadespues.net.ar\/?yada_wiki=teletrabajo-y-el-derecho-a-la-desconexion\" class=\"wikicatlink\">Teletrabajo y el derecho a la desconexi\u00f3n<\/a><\/div><\/div><div class=\"ywrow\"><div class=\"ywcolumn-alt\" data-label=\"Wiki Article\"><a href=\"https:\/\/foroparaeldiadespues.net.ar\/?yada_wiki=teletrabajo-y-trabajo-a-domicilio\" class=\"wikicatlink\">Teletrabajo y Trabajo a Domicilio<\/a><\/div><div class=\"ywcolumn-alt\" data-label=\"Wiki Article\"><\/div><div class=\"ywcolumn-alt\" data-label=\"Wiki Article\"><\/div><div class=\"ywcolumn-alt\" data-label=\"Wiki Article\"><\/div><\/div><\/div><\/p>\n\n\n\n<h4 class=\"has-text-align-center wp-block-heading\"><span class=\"has-inline-color has-vivid-cyan-blue-color\">VIDEOS Y DOCUMENTOS<\/span><\/h4>\n\n\n\n<p class=\"has-text-align-center\"><\/div><\/p>\n\n\n\n<hr class=\"wp-block-separator\"\/>\n\n\n\n<h4 class=\"has-text-align-center wp-block-heading\"><span class=\"has-inline-color has-vivid-cyan-blue-color\">REFERENCIAS<\/span><\/h4>\n\n\n\n<p class=\"has-text-align-center\"><div class=\"ywtable\"><div class=\"ywrow\"><br>&nbsp;&nbsp;REFERENCIAS<br>&nbsp;&nbsp;<\/div><div class=\"ywrow\"><div class=\"ywcolumn-alt\" data-label=\"Wiki Article\"><a href=\"https:\/\/foroparaeldiadespues.net.ar\/?yada_wiki=infoworkers\" class=\"wikicatlink\">INFOWORKERS<\/a><\/div><div class=\"ywcolumn-alt\" data-label=\"Wiki Article\"><a href=\"https:\/\/foroparaeldiadespues.net.ar\/?yada_wiki=oit\" class=\"wikicatlink\">OIT<\/a><\/div><div class=\"ywcolumn-alt\" data-label=\"Wiki Article\"><\/div><\/div><\/div><\/p>\n","protected":false},"excerpt":{"rendered":"<p>GRUPOS DE TRABAJO AUTORES VIDEOS Y DOCUMENTOS REFERENCIAS<\/p>\n","protected":false},"author":1,"featured_media":0,"parent":0,"menu_order":0,"comment_status":"closed","ping_status":"closed","template":"","meta":{"footnotes":""},"class_list":["post-277","page","type-page","status-publish","hentry"],"_links":{"self":[{"href":"https:\/\/foroparaeldiadespues.net.ar\/index.php?rest_route=\/wp\/v2\/pages\/277","targetHints":{"allow":["GET"]}}],"collection":[{"href":"https:\/\/foroparaeldiadespues.net.ar\/index.php?rest_route=\/wp\/v2\/pages"}],"about":[{"href":"https:\/\/foroparaeldiadespues.net.ar\/index.php?rest_route=\/wp\/v2\/types\/page"}],"author":[{"embeddable":true,"href":"https:\/\/foroparaeldiadespues.net.ar\/index.php?rest_route=\/wp\/v2\/users\/1"}],"replies":[{"embeddable":true,"href":"https:\/\/foroparaeldiadespues.net.ar\/index.php?rest_route=%2Fwp%2Fv2%2Fcomments&post=277"}],"version-history":[{"count":11,"href":"https:\/\/foroparaeldiadespues.net.ar\/index.php?rest_route=\/wp\/v2\/pages\/277\/revisions"}],"predecessor-version":[{"id":822,"href":"https:\/\/foroparaeldiadespues.net.ar\/index.php?rest_route=\/wp\/v2\/pages\/277\/revisions\/822"}],"wp:attachment":[{"href":"https:\/\/foroparaeldiadespues.net.ar\/index.php?rest_route=%2Fwp%2Fv2%2Fmedia&parent=277"}],"curies":[{"name":"wp","href":"https:\/\/api.w.org\/{rel}","templated":true}]}}